{"id":2304,"date":"2026-04-23T19:20:45","date_gmt":"2026-04-23T17:20:45","guid":{"rendered":"https:\/\/sasgayachts.com\/?page_id=2304"},"modified":"2026-05-15T12:59:48","modified_gmt":"2026-05-15T10:59:48","slug":"nuestros-barcos","status":"publish","type":"page","link":"https:\/\/sasgayachts.com\/en\/nuestros-barcos\/","title":{"rendered":"Nuestros barcos"},"content":{"rendered":"<div data-elementor-type=\"wp-page\" data-elementor-id=\"2304\" class=\"elementor elementor-2304\" data-elementor-post-type=\"page\">\n\t\t\t\t<div class=\"elementor-element elementor-element-5296d43 e-flex e-con-boxed e-con e-parent\" data-id=\"5296d43\" data-element_type=\"container\" data-e-type=\"container\">\n\t\t\t\t\t<div class=\"e-con-inner\">\n\t\t<div class=\"elementor-element elementor-element-2987e0b e-con-full e-flex e-con e-child\" data-id=\"2987e0b\" data-element_type=\"container\" data-e-type=\"container\">\n\t\t\t\t<div class=\"elementor-element elementor-element-fdba73d elementor-widget elementor-widget-heading\" data-id=\"fdba73d\" data-element_type=\"widget\" data-e-type=\"widget\" data-widget_type=\"heading.default\">\n\t\t\t\t\t<h1 class=\"elementor-heading-title elementor-size-default\">NUESTROS BARCOS<\/h1>\t\t\t\t<\/div>\n\t\t\t\t<\/div>\n\t\t\t\t\t<\/div>\n\t\t\t\t<\/div>\n\t\t<div class=\"elementor-element elementor-element-35094f1 e-flex e-con-boxed e-con e-child\" data-id=\"35094f1\" data-element_type=\"container\" data-e-type=\"container\">\n\t\t\t\t\t<div class=\"e-con-inner\">\n\t\t\t\t<div class=\"elementor-element elementor-element-ce80bfd elementor-widget elementor-widget-heading\" data-id=\"ce80bfd\" data-element_type=\"widget\" data-e-type=\"widget\" data-widget_type=\"heading.default\">\n\t\t\t\t\t<p class=\"elementor-heading-title elementor-size-default\">MENORQU\u00cdN HARD TOP<\/p>\t\t\t\t<\/div>\n\t\t\t\t<div class=\"elementor-element elementor-element-2f5e26e elementor-widget-divider--view-line elementor-widget elementor-widget-divider\" data-id=\"2f5e26e\" data-element_type=\"widget\" data-e-type=\"widget\" data-widget_type=\"divider.default\">\n\t\t\t\t\t\t\t<div class=\"elementor-divider\">\n\t\t\t<span class=\"elementor-divider-separator\">\n\t\t\t\t\t\t<\/span>\n\t\t<\/div>\n\t\t\t\t\t\t<\/div>\n\t\t<div class=\"elementor-element elementor-element-89718c7 e-con-full e-flex e-con e-child\" data-id=\"89718c7\" data-element_type=\"container\" data-e-type=\"container\">\n\t\t<a class=\"elementor-element elementor-element-4a268de e-con-full e-flex e-con e-child\" data-id=\"4a268de\" data-element_type=\"container\" data-e-type=\"container\" href=\"https:\/\/sasgayachts.com\/en\/barcos\/gama\/menorquin\/menorquin-35-ht\/\">\n\t\t\t\t<div class=\"elementor-element elementor-element-4229e2f elementor-widget elementor-widget-image\" data-id=\"4229e2f\" data-element_type=\"widget\" data-e-type=\"widget\" data-widget_type=\"image.default\">\n\t\t\t\t\t\t\t\t\t\t\t\t\t\t\t<img decoding=\"async\" width=\"123\" height=\"34\" src=\"https:\/\/sasgayachts.com\/wp-content\/uploads\/2026\/03\/35-HT-2.png\" class=\"attachment-large size-large wp-image-1560\" alt=\"\" \/>\t\t\t\t\t\t\t\t\t\t\t\t\t\t\t<\/div>\n\t\t\t\t<div class=\"elementor-element elementor-element-8fa849c elementor-widget elementor-widget-heading\" data-id=\"8fa849c\" data-element_type=\"widget\" data-e-type=\"widget\" data-widget_type=\"heading.default\">\n\t\t\t\t\t<p class=\"elementor-heading-title elementor-size-default\">Menorqu\u00edn 35 HT<\/p>\t\t\t\t<\/div>\n\t\t\t\t<\/a>\n\t\t<a class=\"elementor-element elementor-element-63e5839 e-con-full e-flex e-con e-child\" data-id=\"63e5839\" data-element_type=\"container\" data-e-type=\"container\" href=\"https:\/\/sasgayachts.com\/en\/barcos\/gama\/menorquin\/menorquin-42-ht\/\">\n\t\t\t\t<div class=\"elementor-element elementor-element-f80c502 elementor-widget elementor-widget-image\" data-id=\"f80c502\" data-element_type=\"widget\" data-e-type=\"widget\" data-widget_type=\"image.default\">\n\t\t\t\t\t\t\t\t\t\t\t\t\t\t\t<img decoding=\"async\" width=\"296\" height=\"86\" src=\"https:\/\/sasgayachts.com\/wp-content\/uploads\/2026\/03\/42-HT-1.png\" class=\"attachment-large size-large wp-image-1561\" alt=\"\" \/>\t\t\t\t\t\t\t\t\t\t\t\t\t\t\t<\/div>\n\t\t\t\t<div class=\"elementor-element elementor-element-4dc3786 elementor-widget elementor-widget-heading\" data-id=\"4dc3786\" data-element_type=\"widget\" data-e-type=\"widget\" data-widget_type=\"heading.default\">\n\t\t\t\t\t<p class=\"elementor-heading-title elementor-size-default\">Menorqu\u00edn 42 HT<\/p>\t\t\t\t<\/div>\n\t\t\t\t<\/a>\n\t\t<a class=\"elementor-element elementor-element-bd719cb e-con-full e-flex e-con e-child\" data-id=\"bd719cb\" data-element_type=\"container\" data-e-type=\"container\" href=\"https:\/\/sasgayachts.com\/en\/barcos\/gama\/menorquin\/menorquin-48-ht\/\">\n\t\t\t\t<div class=\"elementor-element elementor-element-226b95a elementor-widget elementor-widget-image\" data-id=\"226b95a\" data-element_type=\"widget\" data-e-type=\"widget\" data-widget_type=\"image.default\">\n\t\t\t\t\t\t\t\t\t\t\t\t\t\t\t<img decoding=\"async\" width=\"168\" height=\"48\" src=\"https:\/\/sasgayachts.com\/wp-content\/uploads\/2026\/03\/48-HT-1.png\" class=\"attachment-large size-large wp-image-1563\" alt=\"\" \/>\t\t\t\t\t\t\t\t\t\t\t\t\t\t\t<\/div>\n\t\t\t\t<div class=\"elementor-element elementor-element-4bf8962 elementor-widget elementor-widget-heading\" data-id=\"4bf8962\" data-element_type=\"widget\" data-e-type=\"widget\" data-widget_type=\"heading.default\">\n\t\t\t\t\t<p class=\"elementor-heading-title elementor-size-default\">Menorqu\u00edn 48 HT<\/p>\t\t\t\t<\/div>\n\t\t\t\t<\/a>\n\t\t<a class=\"elementor-element elementor-element-8e6cacc e-con-full e-flex e-con e-child\" data-id=\"8e6cacc\" data-element_type=\"container\" data-e-type=\"container\" href=\"https:\/\/sasgayachts.com\/en\/barcos\/gama\/menorquin\/menorquin-55-ht\/\">\n\t\t\t\t<div class=\"elementor-element elementor-element-1999f38 elementor-widget elementor-widget-image\" data-id=\"1999f38\" data-element_type=\"widget\" data-e-type=\"widget\" data-widget_type=\"image.default\">\n\t\t\t\t\t\t\t\t\t\t\t\t\t\t\t<img loading=\"lazy\" decoding=\"async\" width=\"194\" height=\"54\" src=\"https:\/\/sasgayachts.com\/wp-content\/uploads\/2026\/03\/55-HT-1.png\" class=\"attachment-large size-large wp-image-1572\" alt=\"\" \/>\t\t\t\t\t\t\t\t\t\t\t\t\t\t\t<\/div>\n\t\t\t\t<div class=\"elementor-element elementor-element-cecdf34 elementor-widget elementor-widget-heading\" data-id=\"cecdf34\" data-element_type=\"widget\" data-e-type=\"widget\" data-widget_type=\"heading.default\">\n\t\t\t\t\t<p class=\"elementor-heading-title elementor-size-default\">Menorqu\u00edn 55 HT<\/p>\t\t\t\t<\/div>\n\t\t\t\t<\/a>\n\t\t\t\t<\/div>\n\t\t\t\t<div class=\"elementor-element elementor-element-35aa300 elementor-widget elementor-widget-heading\" data-id=\"35aa300\" data-element_type=\"widget\" data-e-type=\"widget\" data-widget_type=\"heading.default\">\n\t\t\t\t\t<p class=\"elementor-heading-title elementor-size-default\">MENORQU\u00cdN FLY BRIDGE<\/p>\t\t\t\t<\/div>\n\t\t\t\t<div class=\"elementor-element elementor-element-85a1fe3 elementor-widget-divider--view-line elementor-widget elementor-widget-divider\" data-id=\"85a1fe3\" data-element_type=\"widget\" data-e-type=\"widget\" data-widget_type=\"divider.default\">\n\t\t\t\t\t\t\t<div class=\"elementor-divider\">\n\t\t\t<span class=\"elementor-divider-separator\">\n\t\t\t\t\t\t<\/span>\n\t\t<\/div>\n\t\t\t\t\t\t<\/div>\n\t\t<div class=\"elementor-element elementor-element-4e9c47f e-con-full e-flex e-con e-child\" data-id=\"4e9c47f\" data-element_type=\"container\" data-e-type=\"container\">\n\t\t<a class=\"elementor-element elementor-element-1930549 e-con-full e-flex e-con e-child\" data-id=\"1930549\" data-element_type=\"container\" data-e-type=\"container\" href=\"https:\/\/sasgayachts.com\/en\/barcos\/gama\/menorquin\/menorquin-42-fb\/\">\n\t\t\t\t<div class=\"elementor-element elementor-element-7f3d92a elementor-widget elementor-widget-image\" data-id=\"7f3d92a\" data-element_type=\"widget\" data-e-type=\"widget\" data-widget_type=\"image.default\">\n\t\t\t\t\t\t\t\t\t\t\t\t\t\t\t<img loading=\"lazy\" decoding=\"async\" width=\"149\" height=\"44\" src=\"https:\/\/sasgayachts.com\/wp-content\/uploads\/2026\/03\/42-FB-1.png\" class=\"attachment-large size-large wp-image-1571\" alt=\"\" \/>\t\t\t\t\t\t\t\t\t\t\t\t\t\t\t<\/div>\n\t\t\t\t<div class=\"elementor-element elementor-element-d526e32 elementor-widget elementor-widget-heading\" data-id=\"d526e32\" data-element_type=\"widget\" data-e-type=\"widget\" data-widget_type=\"heading.default\">\n\t\t\t\t\t<p class=\"elementor-heading-title elementor-size-default\">Menorqu\u00edn 42 FB<\/p>\t\t\t\t<\/div>\n\t\t\t\t<\/a>\n\t\t<a class=\"elementor-element elementor-element-0df6a07 e-con-full e-flex e-con e-child\" data-id=\"0df6a07\" data-element_type=\"container\" data-e-type=\"container\" href=\"https:\/\/sasgayachts.com\/en\/barcos\/gama\/menorquin\/menorquin-48-fb\/\">\n\t\t\t\t<div class=\"elementor-element elementor-element-baaae90 elementor-widget elementor-widget-image\" data-id=\"baaae90\" data-element_type=\"widget\" data-e-type=\"widget\" data-widget_type=\"image.default\">\n\t\t\t\t\t\t\t\t\t\t\t\t\t\t\t<img loading=\"lazy\" decoding=\"async\" width=\"168\" height=\"62\" src=\"https:\/\/sasgayachts.com\/wp-content\/uploads\/2026\/03\/48-FB-1.png\" class=\"attachment-large size-large wp-image-1570\" alt=\"\" \/>\t\t\t\t\t\t\t\t\t\t\t\t\t\t\t<\/div>\n\t\t\t\t<div class=\"elementor-element elementor-element-04dba35 elementor-widget elementor-widget-heading\" data-id=\"04dba35\" data-element_type=\"widget\" data-e-type=\"widget\" data-widget_type=\"heading.default\">\n\t\t\t\t\t<p class=\"elementor-heading-title elementor-size-default\">Menorqu\u00edn 48 FB<\/p>\t\t\t\t<\/div>\n\t\t\t\t<\/a>\n\t\t<a class=\"elementor-element elementor-element-f1228c8 e-con-full e-flex e-con e-child\" data-id=\"f1228c8\" data-element_type=\"container\" data-e-type=\"container\" href=\"https:\/\/sasgayachts.com\/en\/barcos\/gama\/menorquin\/menorquin-55-fb\/\">\n\t\t\t\t<div class=\"elementor-element elementor-element-9909aee elementor-widget elementor-widget-image\" data-id=\"9909aee\" data-element_type=\"widget\" data-e-type=\"widget\" data-widget_type=\"image.default\">\n\t\t\t\t\t\t\t\t\t\t\t\t\t\t\t<img loading=\"lazy\" decoding=\"async\" width=\"194\" height=\"66\" src=\"https:\/\/sasgayachts.com\/wp-content\/uploads\/2026\/03\/55-FB-1.png\" class=\"attachment-large size-large wp-image-1569\" alt=\"\" \/>\t\t\t\t\t\t\t\t\t\t\t\t\t\t\t<\/div>\n\t\t\t\t<div class=\"elementor-element elementor-element-36cc245 elementor-widget elementor-widget-heading\" data-id=\"36cc245\" data-element_type=\"widget\" data-e-type=\"widget\" data-widget_type=\"heading.default\">\n\t\t\t\t\t<p class=\"elementor-heading-title elementor-size-default\">Menorqu\u00edn 55 FB<\/p>\t\t\t\t<\/div>\n\t\t\t\t<\/a>\n\t\t<a class=\"elementor-element elementor-element-8a3aae0 e-con-full e-flex e-con e-child\" data-id=\"8a3aae0\" data-element_type=\"container\" data-e-type=\"container\" href=\"https:\/\/sasgayachts.com\/en\/barcos\/gama\/menorquin\/menorquin-68-fb\/\">\n\t\t\t\t<div class=\"elementor-element elementor-element-f4ea494 elementor-widget elementor-widget-image\" data-id=\"f4ea494\" data-element_type=\"widget\" data-e-type=\"widget\" data-widget_type=\"image.default\">\n\t\t\t\t\t\t\t\t\t\t\t\t\t\t\t<img loading=\"lazy\" decoding=\"async\" width=\"239\" height=\"77\" src=\"https:\/\/sasgayachts.com\/wp-content\/uploads\/2026\/03\/68-FB-2.png\" class=\"attachment-large size-large wp-image-1565\" alt=\"\" \/>\t\t\t\t\t\t\t\t\t\t\t\t\t\t\t<\/div>\n\t\t\t\t<div class=\"elementor-element elementor-element-cf8116f elementor-widget elementor-widget-heading\" data-id=\"cf8116f\" data-element_type=\"widget\" data-e-type=\"widget\" data-widget_type=\"heading.default\">\n\t\t\t\t\t<p class=\"elementor-heading-title elementor-size-default\">Menorqu\u00edn 68 FB<\/p>\t\t\t\t<\/div>\n\t\t\t\t<\/a>\n\t\t\t\t<\/div>\n\t\t\t\t<div class=\"elementor-element elementor-element-239613c elementor-widget elementor-widget-heading\" data-id=\"239613c\" data-element_type=\"widget\" data-e-type=\"widget\" data-widget_type=\"heading.default\">\n\t\t\t\t\t<p class=\"elementor-heading-title elementor-size-default\">MENORqu\u00edn signature <\/p>\t\t\t\t<\/div>\n\t\t\t\t<div class=\"elementor-element elementor-element-0734dc4 elementor-widget-divider--view-line elementor-widget elementor-widget-divider\" data-id=\"0734dc4\" data-element_type=\"widget\" data-e-type=\"widget\" data-widget_type=\"divider.default\">\n\t\t\t\t\t\t\t<div class=\"elementor-divider\">\n\t\t\t<span class=\"elementor-divider-separator\">\n\t\t\t\t\t\t<\/span>\n\t\t<\/div>\n\t\t\t\t\t\t<\/div>\n\t\t<div class=\"elementor-element elementor-element-c270764 e-con-full e-flex e-con e-child\" data-id=\"c270764\" data-element_type=\"container\" data-e-type=\"container\">\n\t\t<a class=\"elementor-element elementor-element-b2aaef0 e-con-full e-flex e-con e-child\" data-id=\"b2aaef0\" data-element_type=\"container\" data-e-type=\"container\" href=\"https:\/\/sasgayachts.com\/en\/barcos\/gama\/signature\/\">\n\t\t\t\t<div class=\"elementor-element elementor-element-5deaece elementor-widget elementor-widget-image\" data-id=\"5deaece\" data-element_type=\"widget\" data-e-type=\"widget\" data-widget_type=\"image.default\">\n\t\t\t\t\t\t\t\t\t\t\t\t\t\t\t<img loading=\"lazy\" decoding=\"async\" width=\"168\" height=\"62\" src=\"https:\/\/sasgayachts.com\/wp-content\/uploads\/2026\/03\/48-FB-1.png\" class=\"attachment-large size-large wp-image-1570\" alt=\"\" \/>\t\t\t\t\t\t\t\t\t\t\t\t\t\t\t<\/div>\n\t\t\t\t<div class=\"elementor-element elementor-element-c76e884 elementor-widget elementor-widget-heading\" data-id=\"c76e884\" data-element_type=\"widget\" data-e-type=\"widget\" data-widget_type=\"heading.default\">\n\t\t\t\t\t<p class=\"elementor-heading-title elementor-size-default\">Menorqu\u00edn 48 - Signature<\/p>\t\t\t\t<\/div>\n\t\t\t\t<\/a>\n\t\t<a class=\"elementor-element elementor-element-fd70291 e-con-full e-flex e-con e-child\" data-id=\"fd70291\" data-element_type=\"container\" data-e-type=\"container\" href=\"https:\/\/sasgayachts.com\/en\/barcos\/gama\/signature\/\">\n\t\t\t\t<div class=\"elementor-element elementor-element-e768b6a elementor-widget elementor-widget-image\" data-id=\"e768b6a\" data-element_type=\"widget\" data-e-type=\"widget\" data-widget_type=\"image.default\">\n\t\t\t\t\t\t\t\t\t\t\t\t\t\t\t<img loading=\"lazy\" decoding=\"async\" width=\"194\" height=\"66\" src=\"https:\/\/sasgayachts.com\/wp-content\/uploads\/2026\/03\/55-FB-1.png\" class=\"attachment-large size-large wp-image-1569\" alt=\"\" \/>\t\t\t\t\t\t\t\t\t\t\t\t\t\t\t<\/div>\n\t\t\t\t<div class=\"elementor-element elementor-element-a84ca67 elementor-widget elementor-widget-heading\" data-id=\"a84ca67\" data-element_type=\"widget\" data-e-type=\"widget\" data-widget_type=\"heading.default\">\n\t\t\t\t\t<p class=\"elementor-heading-title elementor-size-default\">Menorqu\u00edn 55 - Signature<\/p>\t\t\t\t<\/div>\n\t\t\t\t<\/a>\n\t\t<a class=\"elementor-element elementor-element-cfe7e7c e-con-full e-flex e-con e-child\" data-id=\"cfe7e7c\" data-element_type=\"container\" data-e-type=\"container\" href=\"https:\/\/sasgayachts.com\/en\/barcos\/gama\/signature\/\">\n\t\t\t\t<div class=\"elementor-element elementor-element-516352a elementor-widget elementor-widget-image\" data-id=\"516352a\" data-element_type=\"widget\" data-e-type=\"widget\" data-widget_type=\"image.default\">\n\t\t\t\t\t\t\t\t\t\t\t\t\t\t\t<img loading=\"lazy\" decoding=\"async\" width=\"239\" height=\"79\" src=\"https:\/\/sasgayachts.com\/wp-content\/uploads\/2026\/03\/68-FB-1.png\" class=\"attachment-large size-large wp-image-1568\" alt=\"\" \/>\t\t\t\t\t\t\t\t\t\t\t\t\t\t\t<\/div>\n\t\t\t\t<div class=\"elementor-element elementor-element-c170308 elementor-widget elementor-widget-heading\" data-id=\"c170308\" data-element_type=\"widget\" data-e-type=\"widget\" data-widget_type=\"heading.default\">\n\t\t\t\t\t<p class=\"elementor-heading-title elementor-size-default\">Menorqu\u00edn 68 - Signature<\/p>\t\t\t\t<\/div>\n\t\t\t\t<\/a>\n\t\t<div class=\"elementor-element elementor-element-6c00b4d e-con-full e-flex e-con e-child\" data-id=\"6c00b4d\" data-element_type=\"container\" data-e-type=\"container\">\n\t\t\t\t<div class=\"elementor-element elementor-element-b993159 elementor-align-right elementor-mobile-align-center elementor-widget elementor-widget-button\" data-id=\"b993159\" data-element_type=\"widget\" data-e-type=\"widget\" data-widget_type=\"button.default\">\n\t\t\t\t\t\t\t\t\t\t<a class=\"elementor-button elementor-button-link elementor-size-sm\" href=\"https:\/\/sasgayachts.com\/en\/barcos\/gama\/signature\/\">\n\t\t\t\t\t\t<span class=\"elementor-button-content-wrapper\">\n\t\t\t\t\t\t\t\t\t<span class=\"elementor-button-text\">ADN SIGNATURE<\/span>\n\t\t\t\t\t<\/span>\n\t\t\t\t\t<\/a>\n\t\t\t\t\t\t\t\t<\/div>\n\t\t\t\t<\/div>\n\t\t\t\t<\/div>\n\t\t\t\t\t<\/div>\n\t\t\t\t<\/div>\n\t\t\t\t<\/div>","protected":false},"excerpt":{"rendered":"<p>NUESTROS BARCOS MENORQU\u00cdN HARD TOP Menorqu\u00edn 35 HT Menorqu\u00edn 42 HT Menorqu\u00edn 48 HT Menorqu\u00edn 55 HT MENORQU\u00cdN FLY BRIDGE Menorqu\u00edn 42 FB Menorqu\u00edn 48 FB Menorqu\u00edn 55 FB Menorqu\u00edn 68 FB MENORqu\u00edn signature Menorqu\u00edn 48 &#8211; Signature Menorqu\u00edn 55 &#8211; Signature Menorqu\u00edn 68 &#8211; Signature ADN SIGNATURE<\/p>","protected":false},"author":1,"featured_media":0,"parent":0,"menu_order":0,"comment_status":"closed","ping_status":"closed","template":"","meta":{"footnotes":""},"class_list":["post-2304","page","type-page","status-publish","hentry"],"_links":{"self":[{"href":"https:\/\/sasgayachts.com\/en\/wp-json\/wp\/v2\/pages\/2304","targetHints":{"allow":["GET"]}}],"collection":[{"href":"https:\/\/sasgayachts.com\/en\/wp-json\/wp\/v2\/pages"}],"about":[{"href":"https:\/\/sasgayachts.com\/en\/wp-json\/wp\/v2\/types\/page"}],"author":[{"embeddable":true,"href":"https:\/\/sasgayachts.com\/en\/wp-json\/wp\/v2\/users\/1"}],"replies":[{"embeddable":true,"href":"https:\/\/sasgayachts.com\/en\/wp-json\/wp\/v2\/comments?post=2304"}],"version-history":[{"count":61,"href":"https:\/\/sasgayachts.com\/en\/wp-json\/wp\/v2\/pages\/2304\/revisions"}],"predecessor-version":[{"id":4282,"href":"https:\/\/sasgayachts.com\/en\/wp-json\/wp\/v2\/pages\/2304\/revisions\/4282"}],"wp:attachment":[{"href":"https:\/\/sasgayachts.com\/en\/wp-json\/wp\/v2\/media?parent=2304"}],"curies":[{"name":"wp","href":"https:\/\/api.w.org\/{rel}","templated":true}]}}