{"id":2302,"date":"2026-04-23T19:16:08","date_gmt":"2026-04-23T17:16:08","guid":{"rendered":"https:\/\/sasgayachts.com\/?page_id=2302"},"modified":"2026-05-13T14:05:27","modified_gmt":"2026-05-13T12:05:27","slug":"refit-y-mantenimiento","status":"publish","type":"page","link":"https:\/\/sasgayachts.com\/de\/refit-y-mantenimiento\/","title":{"rendered":"Refit y mantenimiento"},"content":{"rendered":"<div data-elementor-type=\"wp-page\" data-elementor-id=\"2302\" class=\"elementor elementor-2302\" data-elementor-post-type=\"page\">\n\t\t\t\t<div class=\"elementor-element elementor-element-f810114 e-con-full e-flex e-con e-parent\" data-id=\"f810114\" data-element_type=\"container\" data-e-type=\"container\">\n\t\t\t\t<div class=\"elementor-element elementor-element-413100e elementor-widget elementor-widget-heading\" data-id=\"413100e\" data-element_type=\"widget\" data-e-type=\"widget\" data-widget_type=\"heading.default\">\n\t\t\t\t\t<h1 class=\"elementor-heading-title elementor-size-default\">REFIT Y MANTENIMIENTO<\/h1>\t\t\t\t<\/div>\n\t\t\t\t<div class=\"elementor-element elementor-element-2cfa9ec elementor-widget__width-initial elementor-widget elementor-widget-text-editor\" data-id=\"2cfa9ec\" data-element_type=\"widget\" data-e-type=\"widget\" data-widget_type=\"text-editor.default\">\n\t\t\t\t\t\t\t\t\t<p>El mantenimiento y la actualizaci\u00f3n de una embarcaci\u00f3n forman parte de su vida \u00fatil.\u2028 En SASGA Yachts abordamos cada intervenci\u00f3n desde el conocimiento directo del barco, aplicando los mismos criterios de construcci\u00f3n, calidad y coherencia que en origen.<\/p>\t\t\t\t\t\t\t\t<\/div>\n\t\t\t\t<\/div>\n\t\t<div class=\"elementor-element elementor-element-1dfd710 e-flex e-con-boxed e-con e-parent\" data-id=\"1dfd710\" data-element_type=\"container\" data-e-type=\"container\" data-settings=\"{&quot;background_background&quot;:&quot;video&quot;,&quot;background_video_link&quot;:&quot;https:\\\/\\\/youtu.be\\\/koVinsGKp6I&quot;,&quot;background_play_on_mobile&quot;:&quot;yes&quot;}\">\n\t\t\t\t\t<div class=\"e-con-inner\">\n\t\t<div class=\"elementor-background-video-container\">\n\t\t\t\t\t\t\t<div class=\"elementor-background-video-embed\" role=\"presentation\"><\/div>\n\t\t\t\t\t\t<\/div>\t\t\t<\/div>\n\t\t\t\t<\/div>\n\t\t<div class=\"elementor-element elementor-element-11a8f92 e-flex e-con-boxed e-con e-parent\" data-id=\"11a8f92\" data-element_type=\"container\" data-e-type=\"container\">\n\t\t\t\t\t<div class=\"e-con-inner\">\n\t\t\t\t<div class=\"elementor-element elementor-element-20d124c elementor-widget__width-initial elementor-widget elementor-widget-text-editor\" data-id=\"20d124c\" data-element_type=\"widget\" data-e-type=\"widget\" data-widget_type=\"text-editor.default\">\n\t\t\t\t\t\t\t\t\t<p>El servicio de Refit y Mantenimiento est\u00e1 disponible para toda la gama Menorqu\u00edn, con intervenciones adaptadas al estado y uso de cada embarcaci\u00f3n. Cada actuaci\u00f3n se planifica de forma individual, asegurando coherencia con la construcci\u00f3n original y con los est\u00e1ndares de SASGA.<\/p>\t\t\t\t\t\t\t\t<\/div>\n\t\t<div class=\"elementor-element elementor-element-1941218 e-con-full e-flex e-con e-child\" data-id=\"1941218\" data-element_type=\"container\" data-e-type=\"container\">\n\t\t\t\t<div class=\"elementor-element elementor-element-4b86256 elementor-widget__width-auto elementor-widget elementor-widget-text-editor\" data-id=\"4b86256\" data-element_type=\"widget\" data-e-type=\"widget\" data-widget_type=\"text-editor.default\">\n\t\t\t\t\t\t\t\t\t<p>01<\/p>\t\t\t\t\t\t\t\t<\/div>\n\t\t\t\t<div class=\"elementor-element elementor-element-ca04d02 elementor-widget elementor-widget-text-editor\" data-id=\"ca04d02\" data-element_type=\"widget\" data-e-type=\"widget\" data-widget_type=\"text-editor.default\">\n\t\t\t\t\t\t\t\t\tVisi\u00f3n integral de la embarcaci\u00f3n\t\t\t\t\t\t\t\t<\/div>\n\t\t\t\t<\/div>\n\t\t<div class=\"elementor-element elementor-element-ea91b50 e-con-full e-flex e-con e-child\" data-id=\"ea91b50\" data-element_type=\"container\" data-e-type=\"container\">\n\t\t\t\t<div class=\"elementor-element elementor-element-62da54e elementor-widget__width-auto elementor-widget elementor-widget-text-editor\" data-id=\"62da54e\" data-element_type=\"widget\" data-e-type=\"widget\" data-widget_type=\"text-editor.default\">\n\t\t\t\t\t\t\t\t\t<p>02<\/p>\t\t\t\t\t\t\t\t<\/div>\n\t\t\t\t<div class=\"elementor-element elementor-element-d090c4b elementor-widget elementor-widget-text-editor\" data-id=\"d090c4b\" data-element_type=\"widget\" data-e-type=\"widget\" data-widget_type=\"text-editor.default\">\n\t\t\t\t\t\t\t\t\t<p>Planificaci\u00f3n y seguimiento de cada actuaci\u00f3n<\/p>\t\t\t\t\t\t\t\t<\/div>\n\t\t\t\t<\/div>\n\t\t<div class=\"elementor-element elementor-element-aa542d0 e-con-full e-flex e-con e-child\" data-id=\"aa542d0\" data-element_type=\"container\" data-e-type=\"container\">\n\t\t\t\t<div class=\"elementor-element elementor-element-8c8acdc elementor-widget__width-auto elementor-widget elementor-widget-text-editor\" data-id=\"8c8acdc\" data-element_type=\"widget\" data-e-type=\"widget\" data-widget_type=\"text-editor.default\">\n\t\t\t\t\t\t\t\t\t<p>03<\/p>\t\t\t\t\t\t\t\t<\/div>\n\t\t\t\t<div class=\"elementor-element elementor-element-750ddb0 elementor-widget elementor-widget-text-editor\" data-id=\"750ddb0\" data-element_type=\"widget\" data-e-type=\"widget\" data-widget_type=\"text-editor.default\">\n\t\t\t\t\t\t\t\t\t<p>Coordinaci\u00f3n de equipos y especialistas<\/p>\t\t\t\t\t\t\t\t<\/div>\n\t\t\t\t<\/div>\n\t\t<div class=\"elementor-element elementor-element-6aa2886 e-con-full e-flex e-con e-child\" data-id=\"6aa2886\" data-element_type=\"container\" data-e-type=\"container\">\n\t\t\t\t<div class=\"elementor-element elementor-element-6a7a281 elementor-widget__width-auto elementor-widget elementor-widget-text-editor\" data-id=\"6a7a281\" data-element_type=\"widget\" data-e-type=\"widget\" data-widget_type=\"text-editor.default\">\n\t\t\t\t\t\t\t\t\t<p>04<\/p>\t\t\t\t\t\t\t\t<\/div>\n\t\t\t\t<div class=\"elementor-element elementor-element-1610817 elementor-widget elementor-widget-text-editor\" data-id=\"1610817\" data-element_type=\"widget\" data-e-type=\"widget\" data-widget_type=\"text-editor.default\">\n\t\t\t\t\t\t\t\t\t<p>Reparaci\u00f3n y mantenimiento preventivo<\/p>\t\t\t\t\t\t\t\t<\/div>\n\t\t\t\t<\/div>\n\t\t<div class=\"elementor-element elementor-element-dbbeb33 e-con-full e-flex e-con e-child\" data-id=\"dbbeb33\" data-element_type=\"container\" data-e-type=\"container\">\n\t\t\t\t<div class=\"elementor-element elementor-element-de3633e elementor-widget__width-auto elementor-widget elementor-widget-text-editor\" data-id=\"de3633e\" data-element_type=\"widget\" data-e-type=\"widget\" data-widget_type=\"text-editor.default\">\n\t\t\t\t\t\t\t\t\t<p>05<\/p>\t\t\t\t\t\t\t\t<\/div>\n\t\t\t\t<div class=\"elementor-element elementor-element-37744f9 elementor-widget elementor-widget-text-editor\" data-id=\"37744f9\" data-element_type=\"widget\" data-e-type=\"widget\" data-widget_type=\"text-editor.default\">\n\t\t\t\t\t\t\t\t\t<p>Respalgo directo de Sasga Yachts<\/p>\t\t\t\t\t\t\t\t<\/div>\n\t\t\t\t<\/div>\n\t\t\t\t\t<\/div>\n\t\t\t\t<\/div>\n\t\t<div class=\"elementor-element elementor-element-89fcc28 e-flex e-con-boxed e-con e-parent\" data-id=\"89fcc28\" data-element_type=\"container\" data-e-type=\"container\">\n\t\t\t\t\t<div class=\"e-con-inner\">\n\t\t<div class=\"elementor-element elementor-element-4074a6b e-con-full e-flex e-con e-child\" data-id=\"4074a6b\" data-element_type=\"container\" data-e-type=\"container\" data-settings=\"{&quot;background_background&quot;:&quot;video&quot;,&quot;background_video_link&quot;:&quot;https:\\\/\\\/youtu.be\\\/5v37fnGlrMM&quot;,&quot;background_video_start&quot;:0,&quot;background_video_end&quot;:70,&quot;background_play_on_mobile&quot;:&quot;yes&quot;}\">\n\t\t<div class=\"elementor-background-video-container\">\n\t\t\t\t\t\t\t<div class=\"elementor-background-video-embed\" role=\"presentation\"><\/div>\n\t\t\t\t\t\t<\/div>\t\t<\/div>\n\t\t<div class=\"elementor-element elementor-element-81855b6 e-con-full e-flex e-con e-child\" data-id=\"81855b6\" data-element_type=\"container\" data-e-type=\"container\">\n\t\t\t\t<div class=\"elementor-element elementor-element-81c109e elementor-widget elementor-widget-heading\" data-id=\"81c109e\" data-element_type=\"widget\" data-e-type=\"widget\" data-widget_type=\"heading.default\">\n\t\t\t\t\t<h3 class=\"elementor-heading-title elementor-size-default\">MANTENIMIENTO \/<br>BOAT CARE<\/h3>\t\t\t\t<\/div>\n\t\t\t\t<div class=\"elementor-element elementor-element-d76af48 elementor-widget__width-initial elementor-widget elementor-widget-text-editor\" data-id=\"d76af48\" data-element_type=\"widget\" data-e-type=\"widget\" data-widget_type=\"text-editor.default\">\n\t\t\t\t\t\t\t\t\t<p>Servicio de mantenimiento peri\u00f3dico para embarcaciones que pasan largos periodos sin navegar, con revisiones programadas, control de motores y sistemas cr\u00edticos y supervisi\u00f3n general del estado del barco, con un enfoque preventivo y orientado a la tranquilidad del armador.<\/p>\t\t\t\t\t\t\t\t<\/div>\n\t\t\t\t<\/div>\n\t\t\t\t\t<\/div>\n\t\t\t\t<\/div>\n\t\t<div class=\"elementor-element elementor-element-1b92e87 e-flex e-con-boxed e-con e-parent\" data-id=\"1b92e87\" data-element_type=\"container\" data-e-type=\"container\">\n\t\t\t\t\t<div class=\"e-con-inner\">\n\t\t<div class=\"elementor-element elementor-element-91fe431 e-con-full e-flex e-con e-child\" data-id=\"91fe431\" data-element_type=\"container\" data-e-type=\"container\">\n\t\t\t\t<div class=\"elementor-element elementor-element-afa90a5 elementor-widget-mobile__width-inherit elementor-widget elementor-widget-heading\" data-id=\"afa90a5\" data-element_type=\"widget\" data-e-type=\"widget\" data-widget_type=\"heading.default\">\n\t\t\t\t\t<h3 class=\"elementor-heading-title elementor-size-default\">Trabajos<br>est\u00e9ticos y<br>puesta a punto<\/h3>\t\t\t\t<\/div>\n\t\t\t\t<div class=\"elementor-element elementor-element-1f6dbbf elementor-widget__width-initial elementor-widget-mobile__width-inherit elementor-widget elementor-widget-text-editor\" data-id=\"1f6dbbf\" data-element_type=\"widget\" data-e-type=\"widget\" data-widget_type=\"text-editor.default\">\n\t\t\t\t\t\t\t\t\t<p>Trabajos en teca, fibra, pintura, acero inoxidable, tapicer\u00eda o tolder\u00eda se abordan siempre como parte de una puesta a punto global, coherente con el uso real del barco.<\/p>\t\t\t\t\t\t\t\t<\/div>\n\t\t\t\t<\/div>\n\t\t<div class=\"elementor-element elementor-element-8daff41 e-con-full e-flex e-con e-child\" data-id=\"8daff41\" data-element_type=\"container\" data-e-type=\"container\" data-settings=\"{&quot;background_background&quot;:&quot;video&quot;,&quot;background_video_link&quot;:&quot;https:\\\/\\\/youtu.be\\\/Orka6C6MJ48&quot;,&quot;background_play_on_mobile&quot;:&quot;yes&quot;}\">\n\t\t<div class=\"elementor-background-video-container\">\n\t\t\t\t\t\t\t<div class=\"elementor-background-video-embed\" role=\"presentation\"><\/div>\n\t\t\t\t\t\t<\/div>\t\t<\/div>\n\t\t\t\t\t<\/div>\n\t\t\t\t<\/div>\n\t\t<div class=\"elementor-element elementor-element-5076b02 e-flex e-con-boxed e-con e-parent\" data-id=\"5076b02\" data-element_type=\"container\" data-e-type=\"container\">\n\t\t\t\t\t<div class=\"e-con-inner\">\n\t\t<div class=\"elementor-element elementor-element-17288b4 e-con-full e-flex e-con e-child\" data-id=\"17288b4\" data-element_type=\"container\" data-e-type=\"container\" data-settings=\"{&quot;background_background&quot;:&quot;video&quot;,&quot;background_video_link&quot;:&quot;https:\\\/\\\/youtu.be\\\/s5ocnfioQZg&quot;,&quot;background_play_on_mobile&quot;:&quot;yes&quot;}\">\n\t\t<div class=\"elementor-background-video-container\">\n\t\t\t\t\t\t\t<div class=\"elementor-background-video-embed\" role=\"presentation\"><\/div>\n\t\t\t\t\t\t<\/div>\t\t<\/div>\n\t\t<div class=\"elementor-element elementor-element-230ed5e e-con-full e-flex e-con e-child\" data-id=\"230ed5e\" data-element_type=\"container\" data-e-type=\"container\">\n\t\t\t\t<div class=\"elementor-element elementor-element-c0e6e3e elementor-widget elementor-widget-heading\" data-id=\"c0e6e3e\" data-element_type=\"widget\" data-e-type=\"widget\" data-widget_type=\"heading.default\">\n\t\t\t\t\t<h3 class=\"elementor-heading-title elementor-size-default\">Refit. Un<br>proyecto no<br>un pack<\/h3>\t\t\t\t<\/div>\n\t\t\t\t<div class=\"elementor-element elementor-element-7b4c8d3 elementor-widget__width-initial elementor-widget elementor-widget-text-editor\" data-id=\"7b4c8d3\" data-element_type=\"widget\" data-e-type=\"widget\" data-widget_type=\"text-editor.default\">\n\t\t\t\t\t\t\t\t\t<p>Cada proyecto se define tras una inspecci\u00f3n previa del barco y se estructura con planificaci\u00f3n, coordinaci\u00f3n de gremios, seguimiento t\u00e9cnico y control de tiempos y costes.<\/p>\t\t\t\t\t\t\t\t<\/div>\n\t\t\t\t<\/div>\n\t\t\t\t\t<\/div>\n\t\t\t\t<\/div>\n\t\t\t\t<\/div>","protected":false},"excerpt":{"rendered":"<p>REFIT Y MANTENIMIENTO El mantenimiento y la actualizaci\u00f3n de una embarcaci\u00f3n forman parte de su vida \u00fatil.\u2028 En SASGA Yachts abordamos cada intervenci\u00f3n desde el conocimiento directo del barco, aplicando los mismos criterios de construcci\u00f3n, calidad y coherencia que en origen. El servicio de Refit y Mantenimiento est\u00e1 disponible para toda la gama Menorqu\u00edn, con [&hellip;]<\/p>\n","protected":false},"author":1,"featured_media":0,"parent":0,"menu_order":0,"comment_status":"closed","ping_status":"closed","template":"","meta":{"footnotes":""},"class_list":["post-2302","page","type-page","status-publish","hentry"],"_links":{"self":[{"href":"https:\/\/sasgayachts.com\/de\/wp-json\/wp\/v2\/pages\/2302","targetHints":{"allow":["GET"]}}],"collection":[{"href":"https:\/\/sasgayachts.com\/de\/wp-json\/wp\/v2\/pages"}],"about":[{"href":"https:\/\/sasgayachts.com\/de\/wp-json\/wp\/v2\/types\/page"}],"author":[{"embeddable":true,"href":"https:\/\/sasgayachts.com\/de\/wp-json\/wp\/v2\/users\/1"}],"replies":[{"embeddable":true,"href":"https:\/\/sasgayachts.com\/de\/wp-json\/wp\/v2\/comments?post=2302"}],"version-history":[{"count":124,"href":"https:\/\/sasgayachts.com\/de\/wp-json\/wp\/v2\/pages\/2302\/revisions"}],"predecessor-version":[{"id":3825,"href":"https:\/\/sasgayachts.com\/de\/wp-json\/wp\/v2\/pages\/2302\/revisions\/3825"}],"wp:attachment":[{"href":"https:\/\/sasgayachts.com\/de\/wp-json\/wp\/v2\/media?parent=2302"}],"curies":[{"name":"wp","href":"https:\/\/api.w.org\/{rel}","templated":true}]}}