{"id":109,"date":"2026-02-10T10:24:35","date_gmt":"2026-02-10T09:24:35","guid":{"rendered":"https:\/\/sasga.alicantedevelopers.es\/?page_id=109"},"modified":"2026-05-13T14:05:26","modified_gmt":"2026-05-13T12:05:26","slug":"el-fundador","status":"publish","type":"page","link":"https:\/\/sasgayachts.com\/de\/legado\/el-fundador\/","title":{"rendered":"El Fundador"},"content":{"rendered":"<div data-elementor-type=\"wp-page\" data-elementor-id=\"109\" class=\"elementor elementor-109\" data-elementor-post-type=\"page\">\n\t\t\t\t<div class=\"elementor-element elementor-element-7b990a6 e-flex e-con-boxed e-con e-parent\" data-id=\"7b990a6\" data-element_type=\"container\" data-e-type=\"container\">\n\t\t\t\t\t<div class=\"e-con-inner\">\n\t\t<div class=\"elementor-element elementor-element-8d14a21 e-con-full e-flex e-con e-child\" data-id=\"8d14a21\" data-element_type=\"container\" data-e-type=\"container\">\n\t\t\t\t<div class=\"elementor-element elementor-element-8b9e0c7 elementor-widget elementor-widget-heading\" data-id=\"8b9e0c7\" data-element_type=\"widget\" data-e-type=\"widget\" data-widget_type=\"heading.default\">\n\t\t\t\t\t<span class=\"elementor-heading-title elementor-size-default\">EL FUNDADOR<\/span>\t\t\t\t<\/div>\n\t\t\t\t<div class=\"elementor-element elementor-element-ada3fc8 elementor-widget elementor-widget-heading\" data-id=\"ada3fc8\" data-element_type=\"widget\" data-e-type=\"widget\" data-widget_type=\"heading.default\">\n\t\t\t\t\t<span class=\"elementor-heading-title elementor-size-default\">|<\/span>\t\t\t\t<\/div>\n\t\t\t\t<div class=\"elementor-element elementor-element-bad3318 elementor-widget elementor-widget-heading\" data-id=\"bad3318\" data-element_type=\"widget\" data-e-type=\"widget\" data-widget_type=\"heading.default\">\n\t\t\t\t\t<span class=\"elementor-heading-title elementor-size-default\"><a href=\"https:\/\/sasgayachts.com\/de\/legado\/la-historia\/\">La historia<\/a><\/span>\t\t\t\t<\/div>\n\t\t\t\t<\/div>\n\t\t\t\t<div class=\"elementor-element elementor-element-91ecee3 elementor-widget elementor-widget-heading\" data-id=\"91ecee3\" data-element_type=\"widget\" data-e-type=\"widget\" data-widget_type=\"heading.default\">\n\t\t\t\t\t<h2 class=\"elementor-heading-title elementor-size-default\">\u201cMI PADRE SIEMPRE ANHELABA <br>HACER COSAS QUE DEJARAN   <br>HUELLA EN LA VIDA, QUE NO  <br>PASARAN DESAPERCIBIDAS\u201d<\/h2>\t\t\t\t<\/div>\n\t\t<div class=\"elementor-element elementor-element-39ed0d1 e-con-full e-flex e-con e-child\" data-id=\"39ed0d1\" data-element_type=\"container\" data-e-type=\"container\">\n\t\t\t\t<div class=\"elementor-element elementor-element-f79a842 elementor-widget elementor-widget-text-editor\" data-id=\"f79a842\" data-element_type=\"widget\" data-e-type=\"widget\" data-widget_type=\"text-editor.default\">\n\t\t\t\t\t\t\t\t\t<p><em>Jos\u00e9 Luis Sastre, director general de Sasga Yachts<\/em><\/p>\t\t\t\t\t\t\t\t<\/div>\n\t\t\t\t<\/div>\n\t\t<div class=\"elementor-element elementor-element-d9c9b2c e-con-full e-flex e-con e-child\" data-id=\"d9c9b2c\" data-element_type=\"container\" data-e-type=\"container\">\n\t\t\t\t<div class=\"elementor-element elementor-element-593a087 elementor-widget elementor-widget-text-editor\" data-id=\"593a087\" data-element_type=\"widget\" data-e-type=\"widget\" data-widget_type=\"text-editor.default\">\n\t\t\t\t\t\t\t\t\tJuan Sastre vivi\u00f3 su vida con pasi\u00f3n, una pasi\u00f3n que marcaba cada paso de su camino. Inquieto, visionario y <br>so\u00f1ador, supo capturar la esencia de la m\u00e1s peque\u00f1a de las islas baleares y proyectarla hacia los vastos mares <br>internacionales. El mismo mar que forj\u00f3 su car\u00e1cter, le ense\u00f1\u00f3 a no reconocer l\u00edmites, convirti\u00e9ndolo en un <br>referente indiscutible para el mundo n\u00e1utico nacional. La pasi\u00f3n de nuestro fundador es la esencia que impulsa a <br>aquellos que desaf\u00edan el tiempo, lo suspenden y, finalmente, lo trascienden, creando as\u00ed una obra atemporal.\t\t\t\t\t\t\t\t<\/div>\n\t\t\t\t<\/div>\n\t\t<div class=\"elementor-element elementor-element-1d87e83 e-con-full e-flex e-con e-child\" data-id=\"1d87e83\" data-element_type=\"container\" data-e-type=\"container\">\n\t\t\t\t<div class=\"elementor-element elementor-element-47b5848 elementor-widget elementor-widget-image\" data-id=\"47b5848\" data-element_type=\"widget\" data-e-type=\"widget\" data-widget_type=\"image.default\">\n\t\t\t\t\t\t\t\t\t\t\t\t\t\t\t<img fetchpriority=\"high\" decoding=\"async\" width=\"800\" height=\"533\" src=\"https:\/\/sasgayachts.com\/wp-content\/uploads\/2026\/02\/juan_sastre_joseluis_funadaor_sasga_yachts-1024x682.jpeg\" class=\"attachment-large size-large wp-image-116\" alt=\"\" srcset=\"https:\/\/sasgayachts.com\/wp-content\/uploads\/2026\/02\/juan_sastre_joseluis_funadaor_sasga_yachts-1024x682.jpeg 1024w, https:\/\/sasgayachts.com\/wp-content\/uploads\/2026\/02\/juan_sastre_joseluis_funadaor_sasga_yachts-300x200.jpeg 300w, https:\/\/sasgayachts.com\/wp-content\/uploads\/2026\/02\/juan_sastre_joseluis_funadaor_sasga_yachts-768x512.jpeg 768w, https:\/\/sasgayachts.com\/wp-content\/uploads\/2026\/02\/juan_sastre_joseluis_funadaor_sasga_yachts.jpeg 1223w\" sizes=\"(max-width: 800px) 100vw, 800px\" \/>\t\t\t\t\t\t\t\t\t\t\t\t\t\t\t<\/div>\n\t\t\t\t<\/div>\n\t\t<div class=\"elementor-element elementor-element-94a66e4 e-con-full e-flex e-con e-child\" data-id=\"94a66e4\" data-element_type=\"container\" data-e-type=\"container\">\n\t\t\t\t<div class=\"elementor-element elementor-element-234e036 elementor-widget elementor-widget-heading\" data-id=\"234e036\" data-element_type=\"widget\" data-e-type=\"widget\" data-widget_type=\"heading.default\">\n\t\t\t\t\t<h2 class=\"elementor-heading-title elementor-size-default\">EL MITO FUNDADOR<\/h2>\t\t\t\t<\/div>\n\t\t\t\t<div class=\"elementor-element elementor-element-b8b62c5 elementor-widget elementor-widget-text-editor\" data-id=\"b8b62c5\" data-element_type=\"widget\" data-e-type=\"widget\" data-widget_type=\"text-editor.default\">\n\t\t\t\t\t\t\t\t\t<p>Hace m\u00e1s de 60 a\u00f1os, Juan Sastre estableci\u00f3 en Menorca su primera empresa n\u00e1utica bajo el nombre Moton\u00e1utica Basilio, en honor a su padre. En sus albores, vend\u00eda peque\u00f1os barcos suministrados por Petrus, un h\u00e1bil artesano \u00abmestre d&#8217;aixa\u00bb. El negocio prosperaba, pero fue en 1978 cuando Petrus se jubil\u00f3, que Juan Sastre se enfrent\u00f3 con un dilema.<\/p><p>Esta jubilaci\u00f3n hubiera marcado el fin para cualquier otro negociante. Sin embargo, el Sr. Sastre, hombre de mar ajeno de las derrotas, decide fundar la cuna de su legado; Astilleros Menorca. En una \u00e9poca donde un bot de 33 palmos era barco m\u00e1s grande en el Puerto de Mah\u00f3n, \u00e9l apost\u00f3 por fabricar lla\u00fcts de hasta 45 palmos.<\/p><p>As\u00ed, nuestro fundador empez\u00f3 su traves\u00eda hasta llegar a los m\u00e1s prestigiosos salones con sus singulares embarcaciones menorquinas. Su emprendimiento ilimitado lograr\u00eda mantener viva la silueta tradicional del lla\u00fct en un mundo n\u00e1utico moderno. Leales a su herencia, la familia Sastre ingeniar\u00edan la evoluci\u00f3n del barco pescador a los innovadores yates que construimos hoy.<\/p>\t\t\t\t\t\t\t\t<\/div>\n\t\t\t\t<\/div>\n\t\t\t\t\t<\/div>\n\t\t\t\t<\/div>\n\t\t<div class=\"elementor-element elementor-element-d9716bc e-flex e-con-boxed e-con e-parent\" data-id=\"d9716bc\" data-element_type=\"container\" data-e-type=\"container\" data-settings=\"{&quot;background_background&quot;:&quot;classic&quot;}\">\n\t\t\t\t\t<div class=\"e-con-inner\">\n\t\t\t\t<div class=\"elementor-element elementor-element-ed77e50 elementor-widget elementor-widget-image\" data-id=\"ed77e50\" data-element_type=\"widget\" data-e-type=\"widget\" data-widget_type=\"image.default\">\n\t\t\t\t\t\t\t\t\t\t\t\t\t\t\t<img decoding=\"async\" width=\"800\" height=\"498\" src=\"https:\/\/sasgayachts.com\/wp-content\/uploads\/2026\/02\/foto_1-1024x638.jpg\" class=\"attachment-large size-large wp-image-120\" alt=\"\" srcset=\"https:\/\/sasgayachts.com\/wp-content\/uploads\/2026\/02\/foto_1-1024x638.jpg 1024w, https:\/\/sasgayachts.com\/wp-content\/uploads\/2026\/02\/foto_1-300x187.jpg 300w, https:\/\/sasgayachts.com\/wp-content\/uploads\/2026\/02\/foto_1-768x478.jpg 768w, https:\/\/sasgayachts.com\/wp-content\/uploads\/2026\/02\/foto_1-1536x957.jpg 1536w, https:\/\/sasgayachts.com\/wp-content\/uploads\/2026\/02\/foto_1.jpg 2008w\" sizes=\"(max-width: 800px) 100vw, 800px\" \/>\t\t\t\t\t\t\t\t\t\t\t\t\t\t\t<\/div>\n\t\t\t\t<div class=\"elementor-element elementor-element-e9197a3 elementor-widget elementor-widget-text-editor\" data-id=\"e9197a3\" data-element_type=\"widget\" data-e-type=\"widget\" data-widget_type=\"text-editor.default\">\n\t\t\t\t\t\t\t\t\t<p>Juan Sastre era un hombre que conoc\u00eda los sue\u00f1os. Sue\u00f1os que en Sasga Yachts nos esforzamos por hacer realidad con barcos que se adaptan a los deseos m\u00e1s meticulosos de nuestros clientes.<\/p>\t\t\t\t\t\t\t\t<\/div>\n\t\t\t\t\t<\/div>\n\t\t\t\t<\/div>\n\t\t\t\t<\/div>","protected":false},"excerpt":{"rendered":"<p>EL FUNDADOR | La historia \u201cMI PADRE SIEMPRE ANHELABA HACER COSAS QUE DEJARAN HUELLA EN LA VIDA, QUE NO PASARAN DESAPERCIBIDAS\u201d Jos\u00e9 Luis Sastre, director general de Sasga Yachts Juan Sastre vivi\u00f3 su vida con pasi\u00f3n, una pasi\u00f3n que marcaba cada paso de su camino. Inquieto, visionario y so\u00f1ador, supo capturar la esencia de la [&hellip;]<\/p>\n","protected":false},"author":1,"featured_media":0,"parent":2271,"menu_order":0,"comment_status":"closed","ping_status":"closed","template":"elementor_header_footer","meta":{"footnotes":""},"class_list":["post-109","page","type-page","status-publish","hentry"],"_links":{"self":[{"href":"https:\/\/sasgayachts.com\/de\/wp-json\/wp\/v2\/pages\/109","targetHints":{"allow":["GET"]}}],"collection":[{"href":"https:\/\/sasgayachts.com\/de\/wp-json\/wp\/v2\/pages"}],"about":[{"href":"https:\/\/sasgayachts.com\/de\/wp-json\/wp\/v2\/types\/page"}],"author":[{"embeddable":true,"href":"https:\/\/sasgayachts.com\/de\/wp-json\/wp\/v2\/users\/1"}],"replies":[{"embeddable":true,"href":"https:\/\/sasgayachts.com\/de\/wp-json\/wp\/v2\/comments?post=109"}],"version-history":[{"count":31,"href":"https:\/\/sasgayachts.com\/de\/wp-json\/wp\/v2\/pages\/109\/revisions"}],"predecessor-version":[{"id":2293,"href":"https:\/\/sasgayachts.com\/de\/wp-json\/wp\/v2\/pages\/109\/revisions\/2293"}],"up":[{"embeddable":true,"href":"https:\/\/sasgayachts.com\/de\/wp-json\/wp\/v2\/pages\/2271"}],"wp:attachment":[{"href":"https:\/\/sasgayachts.com\/de\/wp-json\/wp\/v2\/media?parent=109"}],"curies":[{"name":"wp","href":"https:\/\/api.w.org\/{rel}","templated":true}]}}